{"id":2764,"date":"2023-05-19T17:06:24","date_gmt":"2023-05-19T14:06:24","guid":{"rendered":"https:\/\/www.melodidental.com\/our-bank-accounts\/"},"modified":"2023-10-04T15:23:31","modified_gmt":"2023-10-04T12:23:31","slug":"%d8%ad%d8%b3%d8%a7%d8%a8%d8%a7%d8%aa%d9%86%d8%a7-%d8%a7%d9%84%d8%a8%d9%86%d9%83%d9%8a%d8%a9","status":"publish","type":"page","link":"https:\/\/www.melodidental.com\/ar\/%d8%ad%d8%b3%d8%a7%d8%a8%d8%a7%d8%aa%d9%86%d8%a7-%d8%a7%d9%84%d8%a8%d9%86%d9%83%d9%8a%d8%a9\/","title":{"rendered":"\u062d\u0633\u0627\u0628\u0627\u062a\u0646\u0627 \u0627\u0644\u0628\u0646\u0643\u064a\u0629"},"content":{"rendered":"\t\t<div data-elementor-type=\"wp-page\" data-elementor-id=\"2764\" class=\"elementor elementor-2764 elementor-2737\" data-elementor-post-type=\"page\">\n\t\t\t\t\t\t<section class=\"elementor-section elementor-top-section elementor-element elementor-element-cef9436 elementor-section-boxed elementor-section-height-default elementor-section-height-default\" data-id=\"cef9436\" data-element_type=\"section\">\n\t\t\t\t\t\t<div class=\"elementor-container elementor-column-gap-default\">\n\t\t\t\t\t<div class=\"elementor-column elementor-col-100 elementor-top-column elementor-element elementor-element-0a88a7e\" data-id=\"0a88a7e\" data-element_type=\"column\">\n\t\t\t<div class=\"elementor-widget-wrap elementor-element-populated\">\n\t\t\t\t\t\t<div class=\"elementor-element elementor-element-23ff241 elementor-widget elementor-widget-heading\" data-id=\"23ff241\" data-element_type=\"widget\" data-widget_type=\"heading.default\">\n\t\t\t\t<div class=\"elementor-widget-container\">\n\t\t\t\t\t<h3 class=\"elementor-heading-title elementor-size-default\">\u062d\u0633\u0627\u0628\u0627\u062a\u0646\u0627 \u0627\u0644\u0628\u0646\u0643\u064a\u0629<\/h3>\t\t\t\t<\/div>\n\t\t\t\t<\/div>\n\t\t\t\t\t<\/div>\n\t\t<\/div>\n\t\t\t\t\t<\/div>\n\t\t<\/section>\n\t\t\t\t<section class=\"elementor-section elementor-top-section elementor-element elementor-element-1cc3cdb elementor-section-boxed elementor-section-height-default elementor-section-height-default\" data-id=\"1cc3cdb\" data-element_type=\"section\">\n\t\t\t\t\t\t<div class=\"elementor-container elementor-column-gap-default\">\n\t\t\t\t\t<div class=\"elementor-column elementor-col-33 elementor-top-column elementor-element elementor-element-23aaaeb\" data-id=\"23aaaeb\" data-element_type=\"column\">\n\t\t\t<div class=\"elementor-widget-wrap elementor-element-populated\">\n\t\t\t\t\t\t<div class=\"elementor-element elementor-element-7e1d82a elementor-widget elementor-widget-text-editor\" data-id=\"7e1d82a\" data-element_type=\"widget\" data-widget_type=\"text-editor.default\">\n\t\t\t\t<div class=\"elementor-widget-container\">\n\t\t\t\t\t\t\t\t\t<p><strong>Company name:<\/strong>\u00a0SERPO MODERN \u0130N\u015eAAT SA\u011eLIK H\u0130ZMETLER\u0130 TARIM VE HAYVANCILIK SANAY\u0130 T\u0130CARET L\u0130M\u0130TED \u015e\u0130RKET\u0130<br \/><strong>\u0628\u0646\u0643:<\/strong> \u015eEKERBANK<br \/><strong>\u0641\u0631\u0639:<\/strong> \u00dcSK\u00dcDAR\u00a0<br \/><strong>USD \u062d\u0633\u0627\u0628<br \/>IBAN:<\/strong> TR920005901240130124017390<\/p>\t\t\t\t\t\t\t\t<\/div>\n\t\t\t\t<\/div>\n\t\t\t\t\t<\/div>\n\t\t<\/div>\n\t\t\t\t<div class=\"elementor-column elementor-col-33 elementor-top-column elementor-element elementor-element-dee69c5\" data-id=\"dee69c5\" data-element_type=\"column\">\n\t\t\t<div class=\"elementor-widget-wrap elementor-element-populated\">\n\t\t\t\t\t\t<div class=\"elementor-element elementor-element-b732d5a elementor-widget elementor-widget-text-editor\" data-id=\"b732d5a\" data-element_type=\"widget\" data-widget_type=\"text-editor.default\">\n\t\t\t\t<div class=\"elementor-widget-container\">\n\t\t\t\t\t\t\t\t\t<p><strong>\u0627\u0633\u0645 \u0627\u0644\u0634\u0631\u0643\u0629:<\/strong> SERPO MODERN \u0130N\u015eAAT SA\u011eLIK H\u0130ZMETLER\u0130 TARIM VE HAYVANCILIK SANAY\u0130 T\u0130CARET L\u0130M\u0130TED \u015e\u0130RKET\u0130<br \/><strong>\u0628\u0646\u0643:<\/strong> \u015eEKERBANK<br \/><strong>\u0641\u0631\u0639:<\/strong> \u00dcSK\u00dcDAR\u00a0<br \/><strong>EURO \u062d\u0633\u0627\u0628<br \/><\/strong><strong>IBAN:<\/strong> TR650005901240130124017391<\/p>\t\t\t\t\t\t\t\t<\/div>\n\t\t\t\t<\/div>\n\t\t\t\t\t<\/div>\n\t\t<\/div>\n\t\t\t\t<div class=\"elementor-column elementor-col-33 elementor-top-column elementor-element elementor-element-61d0080\" data-id=\"61d0080\" data-element_type=\"column\">\n\t\t\t<div class=\"elementor-widget-wrap elementor-element-populated\">\n\t\t\t\t\t\t<div class=\"elementor-element elementor-element-da40b7c elementor-widget elementor-widget-text-editor\" data-id=\"da40b7c\" data-element_type=\"widget\" data-widget_type=\"text-editor.default\">\n\t\t\t\t<div class=\"elementor-widget-container\">\n\t\t\t\t\t\t\t\t\t<p><strong>\u0627\u0633\u0645 \u0627\u0644\u0634\u0631\u0643\u0629:<\/strong> SERPO MODERN \u0130N\u015eAAT SA\u011eLIK H\u0130ZMETLER\u0130 TARIM VE HAYVANCILIK SANAY\u0130 T\u0130CARET L\u0130M\u0130TED \u015e\u0130RKET\u0130<br \/><strong>\u0628\u0646\u0643:<\/strong> \u015eEKERBANK<br \/><strong>\u0641\u0631\u0639:<\/strong> \u00dcSK\u00dcDAR\u00a0<br \/><strong>TL \u062d\u0633\u0627\u0628<\/strong><br \/><strong>IBAN:<\/strong> TR600005901240130124016123<\/p>\t\t\t\t\t\t\t\t<\/div>\n\t\t\t\t<\/div>\n\t\t\t\t\t<\/div>\n\t\t<\/div>\n\t\t\t\t\t<\/div>\n\t\t<\/section>\n\t\t\t\t<\/div>\n\t\t","protected":false},"excerpt":{"rendered":"<p>\u062d\u0633\u0627\u0628\u0627\u062a\u0646\u0627 \u0627\u0644\u0628\u0646\u0643\u064a\u0629 Company name:\u00a0SERPO MODERN \u0130N\u015eAAT SA\u011eLIK H\u0130ZMETLER\u0130 TARIM VE HAYVANCILIK SANAY\u0130 T\u0130CARET L\u0130M\u0130TED \u015e\u0130RKET\u0130\u0628\u0646\u0643: \u015eEKERBANK\u0641\u0631\u0639: \u00dcSK\u00dcDAR\u00a0USD \u062d\u0633\u0627\u0628IBAN: TR920005901240130124017390 \u0627\u0633\u0645 \u0627\u0644\u0634\u0631\u0643\u0629: SERPO MODERN \u0130N\u015eAAT SA\u011eLIK H\u0130ZMETLER\u0130 TARIM VE HAYVANCILIK SANAY\u0130 T\u0130CARET L\u0130M\u0130TED \u015e\u0130RKET\u0130\u0628\u0646\u0643: \u015eEKERBANK\u0641\u0631\u0639: \u00dcSK\u00dcDAR\u00a0EURO \u062d\u0633\u0627\u0628IBAN: TR650005901240130124017391 \u0627\u0633\u0645 \u0627\u0644\u0634\u0631\u0643\u0629: SERPO MODERN \u0130N\u015eAAT SA\u011eLIK H\u0130ZMETLER\u0130 TARIM VE HAYVANCILIK SANAY\u0130 T\u0130CARET L\u0130M\u0130TED \u015e\u0130RKET\u0130\u0628\u0646\u0643: \u015eEKERBANK\u0641\u0631\u0639: \u00dcSK\u00dcDAR\u00a0TL \u062d\u0633\u0627\u0628IBAN: TR600005901240130124016123<\/p>\n","protected":false},"author":1,"featured_media":0,"parent":0,"menu_order":3,"comment_status":"closed","ping_status":"closed","template":"","meta":{"footnotes":""},"class_list":["post-2764","page","type-page","status-publish","hentry"],"_links":{"self":[{"href":"https:\/\/www.melodidental.com\/ar\/wp-json\/wp\/v2\/pages\/2764","targetHints":{"allow":["GET"]}}],"collection":[{"href":"https:\/\/www.melodidental.com\/ar\/wp-json\/wp\/v2\/pages"}],"about":[{"href":"https:\/\/www.melodidental.com\/ar\/wp-json\/wp\/v2\/types\/page"}],"author":[{"embeddable":true,"href":"https:\/\/www.melodidental.com\/ar\/wp-json\/wp\/v2\/users\/1"}],"replies":[{"embeddable":true,"href":"https:\/\/www.melodidental.com\/ar\/wp-json\/wp\/v2\/comments?post=2764"}],"version-history":[{"count":19,"href":"https:\/\/www.melodidental.com\/ar\/wp-json\/wp\/v2\/pages\/2764\/revisions"}],"predecessor-version":[{"id":2899,"href":"https:\/\/www.melodidental.com\/ar\/wp-json\/wp\/v2\/pages\/2764\/revisions\/2899"}],"wp:attachment":[{"href":"https:\/\/www.melodidental.com\/ar\/wp-json\/wp\/v2\/media?parent=2764"}],"curies":[{"name":"wp","href":"https:\/\/api.w.org\/{rel}","templated":true}]}}