{"id":1719,"date":"2022-04-19T16:57:16","date_gmt":"2022-04-19T13:57:16","guid":{"rendered":"https:\/\/www.melodidental.com\/health-tourism\/"},"modified":"2022-05-31T16:52:22","modified_gmt":"2022-05-31T13:52:22","slug":"health-tourism","status":"publish","type":"page","link":"https:\/\/www.melodidental.com\/en\/health-tourism\/","title":{"rendered":"Health Tourism"},"content":{"rendered":"\t\t<div data-elementor-type=\"wp-page\" data-elementor-id=\"1719\" class=\"elementor elementor-1719 elementor-691\" data-elementor-post-type=\"page\">\n\t\t\t\t\t\t<section class=\"elementor-section elementor-top-section elementor-element elementor-element-47c8918 elementor-section-boxed elementor-section-height-default elementor-section-height-default\" data-id=\"47c8918\" data-element_type=\"section\">\n\t\t\t\t\t\t<div class=\"elementor-container elementor-column-gap-no\">\n\t\t\t\t\t<div class=\"elementor-column elementor-col-50 elementor-top-column elementor-element elementor-element-a787013\" data-id=\"a787013\" data-element_type=\"column\">\n\t\t\t<div class=\"elementor-widget-wrap elementor-element-populated\">\n\t\t\t\t\t\t<div class=\"elementor-element elementor-element-2d4c9f9 elementor-widget elementor-widget-rt-thumbnails-slider\" data-id=\"2d4c9f9\" data-element_type=\"widget\" data-widget_type=\"rt-thumbnails-slider.default\">\n\t\t\t\t<div class=\"elementor-widget-container\">\n\t\t\t\t\t\r\n<div class=\"slide-cont rt-thumbnails-owl-carousel\">\r\n\t  <div class=\"thumbnails-owl-carousel owl-carousel\">\t\t\t\r\n\t\t\t\t\t<div class=\"rtin-item\">\r\n\t\t\t\t\t\t\t<img fetchpriority=\"high\" decoding=\"async\" width=\"892\" height=\"900\" src=\"https:\/\/www.melodidental.com\/wp-content\/uploads\/Melodi-Saglik-Turizmi-Dikey-3.jpg\" class=\"attachment-full size-full\" alt=\"\" srcset=\"https:\/\/www.melodidental.com\/wp-content\/uploads\/Melodi-Saglik-Turizmi-Dikey-3.jpg 892w, https:\/\/www.melodidental.com\/wp-content\/uploads\/Melodi-Saglik-Turizmi-Dikey-3-297x300.jpg 297w, https:\/\/www.melodidental.com\/wp-content\/uploads\/Melodi-Saglik-Turizmi-Dikey-3-150x150.jpg 150w, https:\/\/www.melodidental.com\/wp-content\/uploads\/Melodi-Saglik-Turizmi-Dikey-3-768x775.jpg 768w, https:\/\/www.melodidental.com\/wp-content\/uploads\/Melodi-Saglik-Turizmi-Dikey-3-70x70.jpg 70w\" sizes=\"(max-width: 892px) 100vw, 892px\" \/>\t\t\t\t\t<\/div>\r\n\t\t\t\t\t\t<div class=\"rtin-item\">\r\n\t\t\t\t\t\t\t<img decoding=\"async\" width=\"1400\" height=\"900\" src=\"https:\/\/www.melodidental.com\/wp-content\/uploads\/Melodi-Saglik-Turizmi-1.jpg\" class=\"attachment-full size-full\" alt=\"\" srcset=\"https:\/\/www.melodidental.com\/wp-content\/uploads\/Melodi-Saglik-Turizmi-1.jpg 1400w, https:\/\/www.melodidental.com\/wp-content\/uploads\/Melodi-Saglik-Turizmi-1-300x193.jpg 300w, https:\/\/www.melodidental.com\/wp-content\/uploads\/Melodi-Saglik-Turizmi-1-768x494.jpg 768w\" sizes=\"(max-width: 1400px) 100vw, 1400px\" \/>\t\t\t\t\t<\/div>\r\n\t\t\t\t\t\t<div class=\"rtin-item\">\r\n\t\t\t\t\t\t\t<img decoding=\"async\" width=\"1024\" height=\"683\" src=\"https:\/\/www.melodidental.com\/wp-content\/uploads\/Melodi-Saglik-Turizmi-5.jpg\" class=\"attachment-full size-full\" alt=\"\" srcset=\"https:\/\/www.melodidental.com\/wp-content\/uploads\/Melodi-Saglik-Turizmi-5.jpg 1024w, https:\/\/www.melodidental.com\/wp-content\/uploads\/Melodi-Saglik-Turizmi-5-300x200.jpg 300w, https:\/\/www.melodidental.com\/wp-content\/uploads\/Melodi-Saglik-Turizmi-5-768x512.jpg 768w\" sizes=\"(max-width: 1024px) 100vw, 1024px\" \/>\t\t\t\t\t<\/div>\r\n\t\t\t\t\t\t<div class=\"rtin-item\">\r\n\t\t\t\t\t\t\t<img loading=\"lazy\" decoding=\"async\" width=\"1600\" height=\"1067\" src=\"https:\/\/www.melodidental.com\/wp-content\/uploads\/Melodi-Saglik-Turizmi-4.jpg\" class=\"attachment-full size-full\" alt=\"\" srcset=\"https:\/\/www.melodidental.com\/wp-content\/uploads\/Melodi-Saglik-Turizmi-4.jpg 1600w, https:\/\/www.melodidental.com\/wp-content\/uploads\/Melodi-Saglik-Turizmi-4-300x200.jpg 300w, https:\/\/www.melodidental.com\/wp-content\/uploads\/Melodi-Saglik-Turizmi-4-768x512.jpg 768w, https:\/\/www.melodidental.com\/wp-content\/uploads\/Melodi-Saglik-Turizmi-4-1536x1024.jpg 1536w\" sizes=\"(max-width: 1600px) 100vw, 1600px\" \/>\t\t\t\t\t<\/div>\r\n\t\t\t\t\t\t<div class=\"rtin-item\">\r\n\t\t\t\t\t\t\t<img loading=\"lazy\" decoding=\"async\" width=\"1600\" height=\"1230\" src=\"https:\/\/www.melodidental.com\/wp-content\/uploads\/Melodi-Saglik-Turizmi-3.jpg\" class=\"attachment-full size-full\" alt=\"\" srcset=\"https:\/\/www.melodidental.com\/wp-content\/uploads\/Melodi-Saglik-Turizmi-3.jpg 1600w, https:\/\/www.melodidental.com\/wp-content\/uploads\/Melodi-Saglik-Turizmi-3-300x231.jpg 300w, https:\/\/www.melodidental.com\/wp-content\/uploads\/Melodi-Saglik-Turizmi-3-768x590.jpg 768w, https:\/\/www.melodidental.com\/wp-content\/uploads\/Melodi-Saglik-Turizmi-3-1536x1181.jpg 1536w\" sizes=\"(max-width: 1600px) 100vw, 1600px\" \/>\t\t\t\t\t<\/div>\r\n\t\t\t<\/div>\r\n<\/div>\r\n\r\n\t\t\t\t<\/div>\n\t\t\t\t<\/div>\n\t\t\t\t\t<\/div>\n\t\t<\/div>\n\t\t\t\t<div class=\"elementor-column elementor-col-50 elementor-top-column elementor-element elementor-element-14cfbd3\" data-id=\"14cfbd3\" data-element_type=\"column\" data-settings=\"{&quot;background_background&quot;:&quot;classic&quot;}\">\n\t\t\t<div class=\"elementor-widget-wrap elementor-element-populated\">\n\t\t\t\t\t<div class=\"elementor-background-overlay\"><\/div>\n\t\t\t\t\t\t<section class=\"elementor-section elementor-inner-section elementor-element elementor-element-60f488b animated-slow elementor-section-boxed elementor-section-height-default elementor-section-height-default elementor-invisible\" data-id=\"60f488b\" data-element_type=\"section\" data-settings=\"{&quot;background_background&quot;:&quot;classic&quot;,&quot;animation&quot;:&quot;fadeInRight&quot;,&quot;animation_delay&quot;:500}\">\n\t\t\t\t\t\t<div class=\"elementor-container elementor-column-gap-default\">\n\t\t\t\t\t<div class=\"elementor-column elementor-col-100 elementor-inner-column elementor-element elementor-element-41a36c6\" data-id=\"41a36c6\" data-element_type=\"column\" data-settings=\"{&quot;background_background&quot;:&quot;classic&quot;}\">\n\t\t\t<div class=\"elementor-widget-wrap elementor-element-populated\">\n\t\t\t\t\t<div class=\"elementor-background-overlay\"><\/div>\n\t\t\t\t\t\t<div class=\"elementor-element elementor-element-a7d5fcf elementor-widget elementor-widget-heading\" data-id=\"a7d5fcf\" data-element_type=\"widget\" data-widget_type=\"heading.default\">\n\t\t\t\t<div class=\"elementor-widget-container\">\n\t\t\t\t\t<h2 class=\"elementor-heading-title elementor-size-default\">Health Tourism<\/h2>\t\t\t\t<\/div>\n\t\t\t\t<\/div>\n\t\t\t\t<div class=\"elementor-element elementor-element-350a814 elementor-widget elementor-widget-text-editor\" data-id=\"350a814\" data-element_type=\"widget\" data-widget_type=\"text-editor.default\">\n\t\t\t\t<div class=\"elementor-widget-container\">\n\t\t\t\t\t\t\t\t\t<p>Our consultant team asks our patients, who contact us from abroad, to share with us their intraoral x-ray, if any, or their intraoral photos, if not, first of all. Our Consultant Team informs our patients about the whole process about the treatment to be applied as a result of the evaluations of our Specialist Doctors, and creates the most appropriate time planning for our patient and creates our appointment with them.<\/p>\t\t\t\t\t\t\t\t<\/div>\n\t\t\t\t<\/div>\n\t\t\t\t<div class=\"elementor-element elementor-element-3d46220 elementor-widget elementor-widget-heading\" data-id=\"3d46220\" data-element_type=\"widget\" data-widget_type=\"heading.default\">\n\t\t\t\t<div class=\"elementor-widget-container\">\n\t\t\t\t\t<h2 class=\"elementor-heading-title elementor-size-default\">Dental Treatment Fees for Foreign Patients<\/h2>\t\t\t\t<\/div>\n\t\t\t\t<\/div>\n\t\t\t\t<div class=\"elementor-element elementor-element-6be7060 elementor-widget elementor-widget-text-editor\" data-id=\"6be7060\" data-element_type=\"widget\" data-widget_type=\"text-editor.default\">\n\t\t\t\t<div class=\"elementor-widget-container\">\n\t\t\t\t\t\t\t\t\t<p>We inform our patient about the treatment budget to be applied after our patient shares the intraoral photos and the intraoral dental x-ray with us. Our support team solves all your problems and needs as soon as possible and makes treatment planning with the approval of our patient.<\/p>\t\t\t\t\t\t\t\t<\/div>\n\t\t\t\t<\/div>\n\t\t\t\t\t<\/div>\n\t\t<\/div>\n\t\t\t\t\t<\/div>\n\t\t<\/section>\n\t\t\t\t\t<\/div>\n\t\t<\/div>\n\t\t\t\t\t<\/div>\n\t\t<\/section>\n\t\t\t\t<section class=\"elementor-section elementor-top-section elementor-element elementor-element-f2986f1 elementor-section-boxed elementor-section-height-default elementor-section-height-default\" data-id=\"f2986f1\" data-element_type=\"section\">\n\t\t\t\t\t\t<div class=\"elementor-container elementor-column-gap-default\">\n\t\t\t\t\t<div class=\"elementor-column elementor-col-50 elementor-top-column elementor-element elementor-element-bc79ff9\" data-id=\"bc79ff9\" data-element_type=\"column\">\n\t\t\t<div class=\"elementor-widget-wrap elementor-element-populated\">\n\t\t\t\t\t\t<div class=\"elementor-element elementor-element-6539720 elementor-widget elementor-widget-heading\" data-id=\"6539720\" data-element_type=\"widget\" data-widget_type=\"heading.default\">\n\t\t\t\t<div class=\"elementor-widget-container\">\n\t\t\t\t\t<h4 class=\"elementor-heading-title elementor-size-default\">Implant Dental Treatment in Istanbul<\/h4>\t\t\t\t<\/div>\n\t\t\t\t<\/div>\n\t\t\t\t<div class=\"elementor-element elementor-element-a90099f elementor-widget elementor-widget-heading\" data-id=\"a90099f\" data-element_type=\"widget\" data-widget_type=\"heading.default\">\n\t\t\t\t<div class=\"elementor-widget-container\">\n\t\t\t\t\t<h4 class=\"elementor-heading-title elementor-size-default\">Our Patients Coming from Abroad for Implant Treatment<\/h4>\t\t\t\t<\/div>\n\t\t\t\t<\/div>\n\t\t\t\t<div class=\"elementor-element elementor-element-5906e70 elementor-widget elementor-widget-text-editor\" data-id=\"5906e70\" data-element_type=\"widget\" data-widget_type=\"text-editor.default\">\n\t\t\t\t<div class=\"elementor-widget-container\">\n\t\t\t\t\t\t\t\t\t<p>In implant treatment of our patients, who come from abroad for implant treatment, a temporary dental prosthesis can be placed in the aesthetic areas immediately by our Maxillofacial Surgery Doctors if the resistance taken from the bone is sufficient. However, this should be done for aesthetic purposes only, and any force should not be used on the implant.<br \/>The application of the implants is completed within the same day. Temporary prostheses are applied by the prosthesis specialist within 48 hours. Our patient can return to his\/her country after the prosthesis is applied.<\/p>\t\t\t\t\t\t\t\t<\/div>\n\t\t\t\t<\/div>\n\t\t\t\t\t<\/div>\n\t\t<\/div>\n\t\t\t\t<div class=\"elementor-column elementor-col-50 elementor-top-column elementor-element elementor-element-1cf0db2\" data-id=\"1cf0db2\" data-element_type=\"column\">\n\t\t\t<div class=\"elementor-widget-wrap elementor-element-populated\">\n\t\t\t\t\t\t<div class=\"elementor-element elementor-element-d91fff7 elementor-widget elementor-widget-image\" data-id=\"d91fff7\" data-element_type=\"widget\" data-widget_type=\"image.default\">\n\t\t\t\t<div class=\"elementor-widget-container\">\n\t\t\t\t\t\t\t\t\t\t\t\t\t\t\t<img loading=\"lazy\" decoding=\"async\" width=\"1024\" height=\"682\" src=\"https:\/\/www.melodidental.com\/wp-content\/uploads\/2022\/04\/Ornek-Resim-7.jpg\" class=\"attachment-large size-large wp-image-1605\" alt=\"\" srcset=\"https:\/\/www.melodidental.com\/wp-content\/uploads\/2022\/04\/Ornek-Resim-7.jpg 1024w, https:\/\/www.melodidental.com\/wp-content\/uploads\/2022\/04\/Ornek-Resim-7-300x200.jpg 300w, https:\/\/www.melodidental.com\/wp-content\/uploads\/2022\/04\/Ornek-Resim-7-768x512.jpg 768w\" sizes=\"(max-width: 1024px) 100vw, 1024px\" \/>\t\t\t\t\t\t\t\t\t\t\t\t\t\t\t<\/div>\n\t\t\t\t<\/div>\n\t\t\t\t\t<\/div>\n\t\t<\/div>\n\t\t\t\t\t<\/div>\n\t\t<\/section>\n\t\t\t\t<section class=\"elementor-section elementor-top-section elementor-element elementor-element-cd191de elementor-section-boxed elementor-section-height-default elementor-section-height-default\" data-id=\"cd191de\" data-element_type=\"section\">\n\t\t\t\t\t\t<div class=\"elementor-container elementor-column-gap-default\">\n\t\t\t\t\t<div class=\"elementor-column elementor-col-100 elementor-top-column elementor-element elementor-element-f0f765c\" data-id=\"f0f765c\" data-element_type=\"column\">\n\t\t\t<div class=\"elementor-widget-wrap elementor-element-populated\">\n\t\t\t\t\t\t<div class=\"elementor-element elementor-element-63812ac elementor-widget elementor-widget-heading\" data-id=\"63812ac\" data-element_type=\"widget\" data-widget_type=\"heading.default\">\n\t\t\t\t<div class=\"elementor-widget-container\">\n\t\t\t\t\t<h4 class=\"elementor-heading-title elementor-size-default\">Our Patients Coming from Abroad for Implant Treatment<\/h4>\t\t\t\t<\/div>\n\t\t\t\t<\/div>\n\t\t\t\t<div class=\"elementor-element elementor-element-452b1f4 elementor-widget elementor-widget-text-editor\" data-id=\"452b1f4\" data-element_type=\"widget\" data-widget_type=\"text-editor.default\">\n\t\t\t\t<div class=\"elementor-widget-container\">\n\t\t\t\t\t\t\t\t\t<p>The adaptation period of implants to the bone takes an average of 3 to 4 months. During this process, our consultant team contacts our patient for the placement of permanent prostheses at the end of the adaptation process of the implant, and the necessary organization is made.<\/p><p>A tailormade smile design planning and aesthetic modeling is made for the patient in digital environment. The result is shared with our patient by taking its photos. And what kind of smile our patient will have is presented to him\/her. The treatment is completed within an average of 6 days.<br \/>The following procedures are applied to the patients whose Smile Design is designed. <\/p><p>\u2022 Gingivectomy (Gum Aesthetics)<br \/>\u2022 Bleaching (Teeth Whitening)<br \/>\u2022 Porcelain Laminated<br \/>\u2022 E-max Veneers<br \/>\u2022 Zirconia Veneers<\/p>\t\t\t\t\t\t\t\t<\/div>\n\t\t\t\t<\/div>\n\t\t\t\t<div class=\"elementor-element elementor-element-d11a60d elementor-widget elementor-widget-heading\" data-id=\"d11a60d\" data-element_type=\"widget\" data-widget_type=\"heading.default\">\n\t\t\t\t<div class=\"elementor-widget-container\">\n\t\t\t\t\t<h4 class=\"elementor-heading-title elementor-size-default\">Transfer of Our Patients Coming from Abroad for Dental Treatment:<\/h4>\t\t\t\t<\/div>\n\t\t\t\t<\/div>\n\t\t\t\t<div class=\"elementor-element elementor-element-d5ec604 elementor-widget elementor-widget-text-editor\" data-id=\"d5ec604\" data-element_type=\"widget\" data-widget_type=\"text-editor.default\">\n\t\t\t\t<div class=\"elementor-widget-container\">\n\t\t\t\t\t\t\t\t\t<p>Our clinic is located in the Ni\u015fanta\u015f\u0131 district of Istanbul, and you can reach Istanbul from many countries by regular direct flights. Our team of experts researches the most suitable flights for you, organizes the most suitable time for you, and informs the patients via e-mail.<br \/>We provide you a list of hotels located the nearest to our clinic. We provide all the transportation from the airport to your hotel and to our clinic.<br \/>We share with you the routes through which you can discover Istanbul during your treatment process. Our objective is for you to have a pleasant Istanbul Trip during your treatment process. A charming city awaits you during your treatment.<br \/>You can renew your smile with our doctor staff who does the best of their job, with affordable budgets at 1\/3 of the price in Europe approximately.<\/p>\t\t\t\t\t\t\t\t<\/div>\n\t\t\t\t<\/div>\n\t\t\t\t\t<\/div>\n\t\t<\/div>\n\t\t\t\t\t<\/div>\n\t\t<\/section>\n\t\t\t\t<\/div>\n\t\t","protected":false},"excerpt":{"rendered":"<p>Health Tourism Our consultant team asks our patients, who contact us from abroad, to share with us their intraoral x-ray, if any, or their intraoral photos, if not, first of all. Our Consultant Team informs our patients about the whole process about the treatment to be applied as a result of the evaluations of our&#8230;<\/p>\n","protected":false},"author":2,"featured_media":0,"parent":0,"menu_order":34,"comment_status":"closed","ping_status":"closed","template":"","meta":{"footnotes":""},"class_list":["post-1719","page","type-page","status-publish","hentry"],"_links":{"self":[{"href":"https:\/\/www.melodidental.com\/en\/wp-json\/wp\/v2\/pages\/1719","targetHints":{"allow":["GET"]}}],"collection":[{"href":"https:\/\/www.melodidental.com\/en\/wp-json\/wp\/v2\/pages"}],"about":[{"href":"https:\/\/www.melodidental.com\/en\/wp-json\/wp\/v2\/types\/page"}],"author":[{"embeddable":true,"href":"https:\/\/www.melodidental.com\/en\/wp-json\/wp\/v2\/users\/2"}],"replies":[{"embeddable":true,"href":"https:\/\/www.melodidental.com\/en\/wp-json\/wp\/v2\/comments?post=1719"}],"version-history":[{"count":0,"href":"https:\/\/www.melodidental.com\/en\/wp-json\/wp\/v2\/pages\/1719\/revisions"}],"wp:attachment":[{"href":"https:\/\/www.melodidental.com\/en\/wp-json\/wp\/v2\/media?parent=1719"}],"curies":[{"name":"wp","href":"https:\/\/api.w.org\/{rel}","templated":true}]}}