{"id":1735,"date":"2022-05-31T15:47:22","date_gmt":"2022-05-31T12:47:22","guid":{"rendered":"https:\/\/www.melodidental.com\/our-clinic\/"},"modified":"2022-08-19T19:55:55","modified_gmt":"2022-08-19T16:55:55","slug":"our-clinic","status":"publish","type":"page","link":"https:\/\/www.melodidental.com\/en\/our-clinic\/","title":{"rendered":"Our Clinic"},"content":{"rendered":"\t\t<div data-elementor-type=\"wp-page\" data-elementor-id=\"1735\" class=\"elementor elementor-1735 elementor-1726\" data-elementor-post-type=\"page\">\n\t\t\t\t\t\t<section class=\"elementor-section elementor-top-section elementor-element elementor-element-edc659b elementor-section-boxed elementor-section-height-default elementor-section-height-default\" data-id=\"edc659b\" data-element_type=\"section\">\n\t\t\t\t\t\t<div class=\"elementor-container elementor-column-gap-default\">\n\t\t\t\t\t<div class=\"elementor-column elementor-col-100 elementor-top-column elementor-element elementor-element-4afbe56\" data-id=\"4afbe56\" data-element_type=\"column\">\n\t\t\t<div class=\"elementor-widget-wrap elementor-element-populated\">\n\t\t\t\t\t\t<div class=\"elementor-element elementor-element-12f7c0d elementor-widget elementor-widget-gallery\" data-id=\"12f7c0d\" data-element_type=\"widget\" data-settings=\"{&quot;columns&quot;:3,&quot;lazyload&quot;:&quot;yes&quot;,&quot;gallery_layout&quot;:&quot;grid&quot;,&quot;columns_tablet&quot;:2,&quot;columns_mobile&quot;:1,&quot;gap&quot;:{&quot;unit&quot;:&quot;px&quot;,&quot;size&quot;:10,&quot;sizes&quot;:[]},&quot;gap_tablet&quot;:{&quot;unit&quot;:&quot;px&quot;,&quot;size&quot;:10,&quot;sizes&quot;:[]},&quot;gap_mobile&quot;:{&quot;unit&quot;:&quot;px&quot;,&quot;size&quot;:10,&quot;sizes&quot;:[]},&quot;link_to&quot;:&quot;file&quot;,&quot;aspect_ratio&quot;:&quot;3:2&quot;,&quot;overlay_background&quot;:&quot;yes&quot;,&quot;content_hover_animation&quot;:&quot;fade-in&quot;}\" data-widget_type=\"gallery.default\">\n\t\t\t\t<div class=\"elementor-widget-container\">\n\t\t\t\t\t\t\t<div class=\"elementor-gallery__container\">\n\t\t\t\t\t\t\t<a class=\"e-gallery-item elementor-gallery-item elementor-animated-content\" href=\"https:\/\/www.melodidental.com\/wp-content\/uploads\/Melodi-Dental-Foto-13.jpg\" data-elementor-open-lightbox=\"yes\" data-elementor-lightbox-slideshow=\"12f7c0d\" data-elementor-lightbox-title=\"Melodi Dental Foto (13)\" data-e-action-hash=\"#elementor-action%3Aaction%3Dlightbox%26settings%3DeyJpZCI6MTk1NSwidXJsIjoiaHR0cHM6XC9cL3d3dy5tZWxvZGlkZW50YWwuY29tXC93cC1jb250ZW50XC91cGxvYWRzXC9NZWxvZGktRGVudGFsLUZvdG8tMTMuanBnIiwic2xpZGVzaG93IjoiMTJmN2MwZCJ9\">\n\t\t\t\t\t<div class=\"e-gallery-image elementor-gallery-item__image\" data-thumbnail=\"https:\/\/www.melodidental.com\/wp-content\/uploads\/Melodi-Dental-Foto-13-665x494.jpg\" data-width=\"665\" data-height=\"494\" aria-label=\"\" role=\"img\" ><\/div>\n\t\t\t\t\t\t\t\t\t\t\t<div class=\"elementor-gallery-item__overlay\"><\/div>\n\t\t\t\t\t\t\t\t\t\t\t\t\t\t<\/a>\n\t\t\t\t\t\t\t<a class=\"e-gallery-item elementor-gallery-item elementor-animated-content\" href=\"https:\/\/www.melodidental.com\/wp-content\/uploads\/Melodi-Dental-Foto-14.jpg\" data-elementor-open-lightbox=\"yes\" data-elementor-lightbox-slideshow=\"12f7c0d\" data-elementor-lightbox-title=\"Melodi Dental Foto (14)\" data-e-action-hash=\"#elementor-action%3Aaction%3Dlightbox%26settings%3DeyJpZCI6MTkwNCwidXJsIjoiaHR0cHM6XC9cL3d3dy5tZWxvZGlkZW50YWwuY29tXC93cC1jb250ZW50XC91cGxvYWRzXC9NZWxvZGktRGVudGFsLUZvdG8tMTQuanBnIiwic2xpZGVzaG93IjoiMTJmN2MwZCJ9\">\n\t\t\t\t\t<div class=\"e-gallery-image elementor-gallery-item__image\" data-thumbnail=\"https:\/\/www.melodidental.com\/wp-content\/uploads\/Melodi-Dental-Foto-14-665x494.jpg\" data-width=\"665\" data-height=\"494\" aria-label=\"\" role=\"img\" ><\/div>\n\t\t\t\t\t\t\t\t\t\t\t<div class=\"elementor-gallery-item__overlay\"><\/div>\n\t\t\t\t\t\t\t\t\t\t\t\t\t\t<\/a>\n\t\t\t\t\t\t\t<a class=\"e-gallery-item elementor-gallery-item elementor-animated-content\" href=\"https:\/\/www.melodidental.com\/wp-content\/uploads\/Melodi-Dental-Foto-15.jpg\" data-elementor-open-lightbox=\"yes\" data-elementor-lightbox-slideshow=\"12f7c0d\" data-elementor-lightbox-title=\"Melodi Dental Foto (15)\" data-e-action-hash=\"#elementor-action%3Aaction%3Dlightbox%26settings%3DeyJpZCI6MTkwNiwidXJsIjoiaHR0cHM6XC9cL3d3dy5tZWxvZGlkZW50YWwuY29tXC93cC1jb250ZW50XC91cGxvYWRzXC9NZWxvZGktRGVudGFsLUZvdG8tMTUuanBnIiwic2xpZGVzaG93IjoiMTJmN2MwZCJ9\">\n\t\t\t\t\t<div class=\"e-gallery-image elementor-gallery-item__image\" data-thumbnail=\"https:\/\/www.melodidental.com\/wp-content\/uploads\/Melodi-Dental-Foto-15-665x494.jpg\" data-width=\"665\" data-height=\"494\" aria-label=\"\" role=\"img\" ><\/div>\n\t\t\t\t\t\t\t\t\t\t\t<div class=\"elementor-gallery-item__overlay\"><\/div>\n\t\t\t\t\t\t\t\t\t\t\t\t\t\t<\/a>\n\t\t\t\t\t\t\t<a class=\"e-gallery-item elementor-gallery-item elementor-animated-content\" href=\"https:\/\/www.melodidental.com\/wp-content\/uploads\/Melodi-Dental-Foto-16.jpg\" data-elementor-open-lightbox=\"yes\" data-elementor-lightbox-slideshow=\"12f7c0d\" data-elementor-lightbox-title=\"Ni\u015fanta\u015f\u0131 \u0130mplant\" data-elementor-lightbox-description=\"Ni\u015fanta\u015f\u0131 \u0130mplant\" data-e-action-hash=\"#elementor-action%3Aaction%3Dlightbox%26settings%3DeyJpZCI6MTkwOCwidXJsIjoiaHR0cHM6XC9cL3d3dy5tZWxvZGlkZW50YWwuY29tXC93cC1jb250ZW50XC91cGxvYWRzXC9NZWxvZGktRGVudGFsLUZvdG8tMTYuanBnIiwic2xpZGVzaG93IjoiMTJmN2MwZCJ9\">\n\t\t\t\t\t<div class=\"e-gallery-image elementor-gallery-item__image\" data-thumbnail=\"https:\/\/www.melodidental.com\/wp-content\/uploads\/Melodi-Dental-Foto-16-665x494.jpg\" data-width=\"665\" data-height=\"494\" aria-label=\"\" role=\"img\" ><\/div>\n\t\t\t\t\t\t\t\t\t\t\t<div class=\"elementor-gallery-item__overlay\"><\/div>\n\t\t\t\t\t\t\t\t\t\t\t\t\t\t<\/a>\n\t\t\t\t\t\t\t<a class=\"e-gallery-item elementor-gallery-item elementor-animated-content\" href=\"https:\/\/www.melodidental.com\/wp-content\/uploads\/Melodi-Dental-Foto-4.jpeg\" data-elementor-open-lightbox=\"yes\" data-elementor-lightbox-slideshow=\"12f7c0d\" data-elementor-lightbox-title=\"Melodi Dental Foto (4)\" data-e-action-hash=\"#elementor-action%3Aaction%3Dlightbox%26settings%3DeyJpZCI6MTkyMiwidXJsIjoiaHR0cHM6XC9cL3d3dy5tZWxvZGlkZW50YWwuY29tXC93cC1jb250ZW50XC91cGxvYWRzXC9NZWxvZGktRGVudGFsLUZvdG8tNC5qcGVnIiwic2xpZGVzaG93IjoiMTJmN2MwZCJ9\">\n\t\t\t\t\t<div class=\"e-gallery-image elementor-gallery-item__image\" data-thumbnail=\"https:\/\/www.melodidental.com\/wp-content\/uploads\/Melodi-Dental-Foto-4-665x494.jpeg\" data-width=\"665\" data-height=\"494\" aria-label=\"\" role=\"img\" ><\/div>\n\t\t\t\t\t\t\t\t\t\t\t<div class=\"elementor-gallery-item__overlay\"><\/div>\n\t\t\t\t\t\t\t\t\t\t\t\t\t\t<\/a>\n\t\t\t\t\t\t\t<a class=\"e-gallery-item elementor-gallery-item elementor-animated-content\" href=\"https:\/\/www.melodidental.com\/wp-content\/uploads\/Melodi-Dental-Foto-3.jpg\" data-elementor-open-lightbox=\"yes\" data-elementor-lightbox-slideshow=\"12f7c0d\" data-elementor-lightbox-title=\"Melodi Dental Foto (3)\" data-e-action-hash=\"#elementor-action%3Aaction%3Dlightbox%26settings%3DeyJpZCI6MTkyMCwidXJsIjoiaHR0cHM6XC9cL3d3dy5tZWxvZGlkZW50YWwuY29tXC93cC1jb250ZW50XC91cGxvYWRzXC9NZWxvZGktRGVudGFsLUZvdG8tMy5qcGciLCJzbGlkZXNob3ciOiIxMmY3YzBkIn0%3D\">\n\t\t\t\t\t<div class=\"e-gallery-image elementor-gallery-item__image\" data-thumbnail=\"https:\/\/www.melodidental.com\/wp-content\/uploads\/Melodi-Dental-Foto-3-665x494.jpg\" data-width=\"665\" data-height=\"494\" aria-label=\"\" role=\"img\" ><\/div>\n\t\t\t\t\t\t\t\t\t\t\t<div class=\"elementor-gallery-item__overlay\"><\/div>\n\t\t\t\t\t\t\t\t\t\t\t\t\t\t<\/a>\n\t\t\t\t\t\t\t<a class=\"e-gallery-item elementor-gallery-item elementor-animated-content\" href=\"https:\/\/www.melodidental.com\/wp-content\/uploads\/Melodi-Dental-Foto-3.jpeg\" data-elementor-open-lightbox=\"yes\" data-elementor-lightbox-slideshow=\"12f7c0d\" data-elementor-lightbox-title=\"Melodi Dental Foto (3)\" data-e-action-hash=\"#elementor-action%3Aaction%3Dlightbox%26settings%3DeyJpZCI6MTkxOCwidXJsIjoiaHR0cHM6XC9cL3d3dy5tZWxvZGlkZW50YWwuY29tXC93cC1jb250ZW50XC91cGxvYWRzXC9NZWxvZGktRGVudGFsLUZvdG8tMy5qcGVnIiwic2xpZGVzaG93IjoiMTJmN2MwZCJ9\">\n\t\t\t\t\t<div class=\"e-gallery-image elementor-gallery-item__image\" data-thumbnail=\"https:\/\/www.melodidental.com\/wp-content\/uploads\/Melodi-Dental-Foto-3-665x494.jpeg\" data-width=\"665\" data-height=\"494\" aria-label=\"\" role=\"img\" ><\/div>\n\t\t\t\t\t\t\t\t\t\t\t<div class=\"elementor-gallery-item__overlay\"><\/div>\n\t\t\t\t\t\t\t\t\t\t\t\t\t\t<\/a>\n\t\t\t\t\t\t\t<a class=\"e-gallery-item elementor-gallery-item elementor-animated-content\" href=\"https:\/\/www.melodidental.com\/wp-content\/uploads\/Melodi-Dental-Foto-2.jpg\" data-elementor-open-lightbox=\"yes\" data-elementor-lightbox-slideshow=\"12f7c0d\" data-elementor-lightbox-title=\"Melodi Dental Foto (2)\" data-e-action-hash=\"#elementor-action%3Aaction%3Dlightbox%26settings%3DeyJpZCI6MTkxNiwidXJsIjoiaHR0cHM6XC9cL3d3dy5tZWxvZGlkZW50YWwuY29tXC93cC1jb250ZW50XC91cGxvYWRzXC9NZWxvZGktRGVudGFsLUZvdG8tMi5qcGciLCJzbGlkZXNob3ciOiIxMmY3YzBkIn0%3D\">\n\t\t\t\t\t<div class=\"e-gallery-image elementor-gallery-item__image\" data-thumbnail=\"https:\/\/www.melodidental.com\/wp-content\/uploads\/Melodi-Dental-Foto-2-665x494.jpg\" data-width=\"665\" data-height=\"494\" aria-label=\"\" role=\"img\" ><\/div>\n\t\t\t\t\t\t\t\t\t\t\t<div class=\"elementor-gallery-item__overlay\"><\/div>\n\t\t\t\t\t\t\t\t\t\t\t\t\t\t<\/a>\n\t\t\t\t\t\t\t<a class=\"e-gallery-item elementor-gallery-item elementor-animated-content\" href=\"https:\/\/www.melodidental.com\/wp-content\/uploads\/Melodi-Dental-Foto-2.jpeg\" data-elementor-open-lightbox=\"yes\" data-elementor-lightbox-slideshow=\"12f7c0d\" data-elementor-lightbox-title=\"Melodi Dental Foto (2)\" data-e-action-hash=\"#elementor-action%3Aaction%3Dlightbox%26settings%3DeyJpZCI6MTkxNCwidXJsIjoiaHR0cHM6XC9cL3d3dy5tZWxvZGlkZW50YWwuY29tXC93cC1jb250ZW50XC91cGxvYWRzXC9NZWxvZGktRGVudGFsLUZvdG8tMi5qcGVnIiwic2xpZGVzaG93IjoiMTJmN2MwZCJ9\">\n\t\t\t\t\t<div class=\"e-gallery-image elementor-gallery-item__image\" data-thumbnail=\"https:\/\/www.melodidental.com\/wp-content\/uploads\/Melodi-Dental-Foto-2-665x494.jpeg\" data-width=\"665\" data-height=\"494\" aria-label=\"\" role=\"img\" ><\/div>\n\t\t\t\t\t\t\t\t\t\t\t<div class=\"elementor-gallery-item__overlay\"><\/div>\n\t\t\t\t\t\t\t\t\t\t\t\t\t\t<\/a>\n\t\t\t\t\t\t\t<a class=\"e-gallery-item elementor-gallery-item elementor-animated-content\" href=\"https:\/\/www.melodidental.com\/wp-content\/uploads\/Melodi-Dental-Foto-1.jpg\" data-elementor-open-lightbox=\"yes\" data-elementor-lightbox-slideshow=\"12f7c0d\" data-elementor-lightbox-title=\"Melodi Dental Foto (1)\" data-e-action-hash=\"#elementor-action%3Aaction%3Dlightbox%26settings%3DeyJpZCI6MTkxMiwidXJsIjoiaHR0cHM6XC9cL3d3dy5tZWxvZGlkZW50YWwuY29tXC93cC1jb250ZW50XC91cGxvYWRzXC9NZWxvZGktRGVudGFsLUZvdG8tMS5qcGciLCJzbGlkZXNob3ciOiIxMmY3YzBkIn0%3D\">\n\t\t\t\t\t<div class=\"e-gallery-image elementor-gallery-item__image\" data-thumbnail=\"https:\/\/www.melodidental.com\/wp-content\/uploads\/Melodi-Dental-Foto-1-665x494.jpg\" data-width=\"665\" data-height=\"494\" aria-label=\"\" role=\"img\" ><\/div>\n\t\t\t\t\t\t\t\t\t\t\t<div class=\"elementor-gallery-item__overlay\"><\/div>\n\t\t\t\t\t\t\t\t\t\t\t\t\t\t<\/a>\n\t\t\t\t\t\t\t<a class=\"e-gallery-item elementor-gallery-item elementor-animated-content\" href=\"https:\/\/www.melodidental.com\/wp-content\/uploads\/Melodi-Dental-Foto-1.jpeg\" data-elementor-open-lightbox=\"yes\" data-elementor-lightbox-slideshow=\"12f7c0d\" data-elementor-lightbox-title=\"Melodi Dental Foto (1)\" data-e-action-hash=\"#elementor-action%3Aaction%3Dlightbox%26settings%3DeyJpZCI6MTkxMCwidXJsIjoiaHR0cHM6XC9cL3d3dy5tZWxvZGlkZW50YWwuY29tXC93cC1jb250ZW50XC91cGxvYWRzXC9NZWxvZGktRGVudGFsLUZvdG8tMS5qcGVnIiwic2xpZGVzaG93IjoiMTJmN2MwZCJ9\">\n\t\t\t\t\t<div class=\"e-gallery-image elementor-gallery-item__image\" data-thumbnail=\"https:\/\/www.melodidental.com\/wp-content\/uploads\/Melodi-Dental-Foto-1-665x494.jpeg\" data-width=\"665\" data-height=\"494\" aria-label=\"\" role=\"img\" ><\/div>\n\t\t\t\t\t\t\t\t\t\t\t<div class=\"elementor-gallery-item__overlay\"><\/div>\n\t\t\t\t\t\t\t\t\t\t\t\t\t\t<\/a>\n\t\t\t\t\t\t\t<a class=\"e-gallery-item elementor-gallery-item elementor-animated-content\" href=\"https:\/\/www.melodidental.com\/wp-content\/uploads\/Melodi-Dental-Foto-12.jpg\" data-elementor-open-lightbox=\"yes\" data-elementor-lightbox-slideshow=\"12f7c0d\" data-elementor-lightbox-title=\"Melodi Dental Foto (12)\" data-e-action-hash=\"#elementor-action%3Aaction%3Dlightbox%26settings%3DeyJpZCI6MTk1MywidXJsIjoiaHR0cHM6XC9cL3d3dy5tZWxvZGlkZW50YWwuY29tXC93cC1jb250ZW50XC91cGxvYWRzXC9NZWxvZGktRGVudGFsLUZvdG8tMTIuanBnIiwic2xpZGVzaG93IjoiMTJmN2MwZCJ9\">\n\t\t\t\t\t<div class=\"e-gallery-image elementor-gallery-item__image\" data-thumbnail=\"https:\/\/www.melodidental.com\/wp-content\/uploads\/Melodi-Dental-Foto-12-665x494.jpg\" data-width=\"665\" data-height=\"494\" aria-label=\"\" role=\"img\" ><\/div>\n\t\t\t\t\t\t\t\t\t\t\t<div class=\"elementor-gallery-item__overlay\"><\/div>\n\t\t\t\t\t\t\t\t\t\t\t\t\t\t<\/a>\n\t\t\t\t\t\t\t<a class=\"e-gallery-item elementor-gallery-item elementor-animated-content\" href=\"https:\/\/www.melodidental.com\/wp-content\/uploads\/Melodi-Dental-Foto-11.jpg\" data-elementor-open-lightbox=\"yes\" data-elementor-lightbox-slideshow=\"12f7c0d\" data-elementor-lightbox-title=\"Melodi Dental Foto (11)\" data-e-action-hash=\"#elementor-action%3Aaction%3Dlightbox%26settings%3DeyJpZCI6MTk1MSwidXJsIjoiaHR0cHM6XC9cL3d3dy5tZWxvZGlkZW50YWwuY29tXC93cC1jb250ZW50XC91cGxvYWRzXC9NZWxvZGktRGVudGFsLUZvdG8tMTEuanBnIiwic2xpZGVzaG93IjoiMTJmN2MwZCJ9\">\n\t\t\t\t\t<div class=\"e-gallery-image elementor-gallery-item__image\" data-thumbnail=\"https:\/\/www.melodidental.com\/wp-content\/uploads\/Melodi-Dental-Foto-11-665x494.jpg\" data-width=\"665\" data-height=\"494\" aria-label=\"\" role=\"img\" ><\/div>\n\t\t\t\t\t\t\t\t\t\t\t<div class=\"elementor-gallery-item__overlay\"><\/div>\n\t\t\t\t\t\t\t\t\t\t\t\t\t\t<\/a>\n\t\t\t\t\t\t\t<a class=\"e-gallery-item elementor-gallery-item elementor-animated-content\" href=\"https:\/\/www.melodidental.com\/wp-content\/uploads\/Melodi-Dental-Foto-10.jpg\" data-elementor-open-lightbox=\"yes\" data-elementor-lightbox-slideshow=\"12f7c0d\" data-elementor-lightbox-title=\"Melodi Dental Foto (10)\" data-e-action-hash=\"#elementor-action%3Aaction%3Dlightbox%26settings%3DeyJpZCI6MTk0OSwidXJsIjoiaHR0cHM6XC9cL3d3dy5tZWxvZGlkZW50YWwuY29tXC93cC1jb250ZW50XC91cGxvYWRzXC9NZWxvZGktRGVudGFsLUZvdG8tMTAuanBnIiwic2xpZGVzaG93IjoiMTJmN2MwZCJ9\">\n\t\t\t\t\t<div class=\"e-gallery-image elementor-gallery-item__image\" data-thumbnail=\"https:\/\/www.melodidental.com\/wp-content\/uploads\/Melodi-Dental-Foto-10-665x494.jpg\" data-width=\"665\" data-height=\"494\" aria-label=\"\" role=\"img\" ><\/div>\n\t\t\t\t\t\t\t\t\t\t\t<div class=\"elementor-gallery-item__overlay\"><\/div>\n\t\t\t\t\t\t\t\t\t\t\t\t\t\t<\/a>\n\t\t\t\t\t\t\t<a class=\"e-gallery-item elementor-gallery-item elementor-animated-content\" href=\"https:\/\/www.melodidental.com\/wp-content\/uploads\/Melodi-Dental-Foto-9.jpg\" data-elementor-open-lightbox=\"yes\" data-elementor-lightbox-slideshow=\"12f7c0d\" data-elementor-lightbox-title=\"Melodi Dental Foto (9)\" data-e-action-hash=\"#elementor-action%3Aaction%3Dlightbox%26settings%3DeyJpZCI6MTk0NywidXJsIjoiaHR0cHM6XC9cL3d3dy5tZWxvZGlkZW50YWwuY29tXC93cC1jb250ZW50XC91cGxvYWRzXC9NZWxvZGktRGVudGFsLUZvdG8tOS5qcGciLCJzbGlkZXNob3ciOiIxMmY3YzBkIn0%3D\">\n\t\t\t\t\t<div class=\"e-gallery-image elementor-gallery-item__image\" data-thumbnail=\"https:\/\/www.melodidental.com\/wp-content\/uploads\/Melodi-Dental-Foto-9-665x494.jpg\" data-width=\"665\" data-height=\"494\" aria-label=\"\" role=\"img\" ><\/div>\n\t\t\t\t\t\t\t\t\t\t\t<div class=\"elementor-gallery-item__overlay\"><\/div>\n\t\t\t\t\t\t\t\t\t\t\t\t\t\t<\/a>\n\t\t\t\t\t\t\t<a class=\"e-gallery-item elementor-gallery-item elementor-animated-content\" href=\"https:\/\/www.melodidental.com\/wp-content\/uploads\/Melodi-Dental-Foto-9.jpeg\" data-elementor-open-lightbox=\"yes\" data-elementor-lightbox-slideshow=\"12f7c0d\" data-elementor-lightbox-title=\"Melodi Dental Foto (9)\" data-e-action-hash=\"#elementor-action%3Aaction%3Dlightbox%26settings%3DeyJpZCI6MTk0NSwidXJsIjoiaHR0cHM6XC9cL3d3dy5tZWxvZGlkZW50YWwuY29tXC93cC1jb250ZW50XC91cGxvYWRzXC9NZWxvZGktRGVudGFsLUZvdG8tOS5qcGVnIiwic2xpZGVzaG93IjoiMTJmN2MwZCJ9\">\n\t\t\t\t\t<div class=\"e-gallery-image elementor-gallery-item__image\" data-thumbnail=\"https:\/\/www.melodidental.com\/wp-content\/uploads\/Melodi-Dental-Foto-9-665x494.jpeg\" data-width=\"665\" data-height=\"494\" aria-label=\"\" role=\"img\" ><\/div>\n\t\t\t\t\t\t\t\t\t\t\t<div class=\"elementor-gallery-item__overlay\"><\/div>\n\t\t\t\t\t\t\t\t\t\t\t\t\t\t<\/a>\n\t\t\t\t\t\t\t<a class=\"e-gallery-item elementor-gallery-item elementor-animated-content\" href=\"https:\/\/www.melodidental.com\/wp-content\/uploads\/Melodi-Dental-Foto-8.jpg\" data-elementor-open-lightbox=\"yes\" data-elementor-lightbox-slideshow=\"12f7c0d\" data-elementor-lightbox-title=\"Melodi Dental Foto (8)\" data-e-action-hash=\"#elementor-action%3Aaction%3Dlightbox%26settings%3DeyJpZCI6MTk0MywidXJsIjoiaHR0cHM6XC9cL3d3dy5tZWxvZGlkZW50YWwuY29tXC93cC1jb250ZW50XC91cGxvYWRzXC9NZWxvZGktRGVudGFsLUZvdG8tOC5qcGciLCJzbGlkZXNob3ciOiIxMmY3YzBkIn0%3D\">\n\t\t\t\t\t<div class=\"e-gallery-image elementor-gallery-item__image\" data-thumbnail=\"https:\/\/www.melodidental.com\/wp-content\/uploads\/Melodi-Dental-Foto-8-665x494.jpg\" data-width=\"665\" data-height=\"494\" aria-label=\"\" role=\"img\" ><\/div>\n\t\t\t\t\t\t\t\t\t\t\t<div class=\"elementor-gallery-item__overlay\"><\/div>\n\t\t\t\t\t\t\t\t\t\t\t\t\t\t<\/a>\n\t\t\t\t\t\t\t<a class=\"e-gallery-item elementor-gallery-item elementor-animated-content\" href=\"https:\/\/www.melodidental.com\/wp-content\/uploads\/Melodi-Dental-Foto-8.jpeg\" data-elementor-open-lightbox=\"yes\" data-elementor-lightbox-slideshow=\"12f7c0d\" data-elementor-lightbox-title=\"Ni\u015fanta\u015f\u0131 Di\u015f\" data-elementor-lightbox-description=\"Ni\u015fanta\u015f\u0131 Di\u015f\" data-e-action-hash=\"#elementor-action%3Aaction%3Dlightbox%26settings%3DeyJpZCI6MTkzOCwidXJsIjoiaHR0cHM6XC9cL3d3dy5tZWxvZGlkZW50YWwuY29tXC93cC1jb250ZW50XC91cGxvYWRzXC9NZWxvZGktRGVudGFsLUZvdG8tOC5qcGVnIiwic2xpZGVzaG93IjoiMTJmN2MwZCJ9\">\n\t\t\t\t\t<div class=\"e-gallery-image elementor-gallery-item__image\" data-thumbnail=\"https:\/\/www.melodidental.com\/wp-content\/uploads\/Melodi-Dental-Foto-8-665x494.jpeg\" data-width=\"665\" data-height=\"494\" aria-label=\"\" role=\"img\" ><\/div>\n\t\t\t\t\t\t\t\t\t\t\t<div class=\"elementor-gallery-item__overlay\"><\/div>\n\t\t\t\t\t\t\t\t\t\t\t\t\t\t<\/a>\n\t\t\t\t\t\t\t<a class=\"e-gallery-item elementor-gallery-item elementor-animated-content\" href=\"https:\/\/www.melodidental.com\/wp-content\/uploads\/Melodi-Dental-Foto-7.jpg\" data-elementor-open-lightbox=\"yes\" data-elementor-lightbox-slideshow=\"12f7c0d\" data-elementor-lightbox-title=\"Melodi Dental Foto (7)\" data-e-action-hash=\"#elementor-action%3Aaction%3Dlightbox%26settings%3DeyJpZCI6MTkzNiwidXJsIjoiaHR0cHM6XC9cL3d3dy5tZWxvZGlkZW50YWwuY29tXC93cC1jb250ZW50XC91cGxvYWRzXC9NZWxvZGktRGVudGFsLUZvdG8tNy5qcGciLCJzbGlkZXNob3ciOiIxMmY3YzBkIn0%3D\">\n\t\t\t\t\t<div class=\"e-gallery-image elementor-gallery-item__image\" data-thumbnail=\"https:\/\/www.melodidental.com\/wp-content\/uploads\/Melodi-Dental-Foto-7-665x494.jpg\" data-width=\"665\" data-height=\"494\" aria-label=\"\" role=\"img\" ><\/div>\n\t\t\t\t\t\t\t\t\t\t\t<div class=\"elementor-gallery-item__overlay\"><\/div>\n\t\t\t\t\t\t\t\t\t\t\t\t\t\t<\/a>\n\t\t\t\t\t\t\t<a class=\"e-gallery-item elementor-gallery-item elementor-animated-content\" href=\"https:\/\/www.melodidental.com\/wp-content\/uploads\/Melodi-Dental-Foto-7.jpeg\" data-elementor-open-lightbox=\"yes\" data-elementor-lightbox-slideshow=\"12f7c0d\" data-elementor-lightbox-title=\"Melodi Dental Foto (7)\" data-e-action-hash=\"#elementor-action%3Aaction%3Dlightbox%26settings%3DeyJpZCI6MTkzNCwidXJsIjoiaHR0cHM6XC9cL3d3dy5tZWxvZGlkZW50YWwuY29tXC93cC1jb250ZW50XC91cGxvYWRzXC9NZWxvZGktRGVudGFsLUZvdG8tNy5qcGVnIiwic2xpZGVzaG93IjoiMTJmN2MwZCJ9\">\n\t\t\t\t\t<div class=\"e-gallery-image elementor-gallery-item__image\" data-thumbnail=\"https:\/\/www.melodidental.com\/wp-content\/uploads\/Melodi-Dental-Foto-7-665x494.jpeg\" data-width=\"665\" data-height=\"494\" aria-label=\"\" role=\"img\" ><\/div>\n\t\t\t\t\t\t\t\t\t\t\t<div class=\"elementor-gallery-item__overlay\"><\/div>\n\t\t\t\t\t\t\t\t\t\t\t\t\t\t<\/a>\n\t\t\t\t\t\t\t<a class=\"e-gallery-item elementor-gallery-item elementor-animated-content\" href=\"https:\/\/www.melodidental.com\/wp-content\/uploads\/Melodi-Dental-Foto-6.jpg\" data-elementor-open-lightbox=\"yes\" data-elementor-lightbox-slideshow=\"12f7c0d\" data-elementor-lightbox-title=\"Melodi Dental Foto (6)\" data-e-action-hash=\"#elementor-action%3Aaction%3Dlightbox%26settings%3DeyJpZCI6MTkzMiwidXJsIjoiaHR0cHM6XC9cL3d3dy5tZWxvZGlkZW50YWwuY29tXC93cC1jb250ZW50XC91cGxvYWRzXC9NZWxvZGktRGVudGFsLUZvdG8tNi5qcGciLCJzbGlkZXNob3ciOiIxMmY3YzBkIn0%3D\">\n\t\t\t\t\t<div class=\"e-gallery-image elementor-gallery-item__image\" data-thumbnail=\"https:\/\/www.melodidental.com\/wp-content\/uploads\/Melodi-Dental-Foto-6-665x494.jpg\" data-width=\"665\" data-height=\"494\" aria-label=\"\" role=\"img\" ><\/div>\n\t\t\t\t\t\t\t\t\t\t\t<div class=\"elementor-gallery-item__overlay\"><\/div>\n\t\t\t\t\t\t\t\t\t\t\t\t\t\t<\/a>\n\t\t\t\t\t\t\t<a class=\"e-gallery-item elementor-gallery-item elementor-animated-content\" href=\"https:\/\/www.melodidental.com\/wp-content\/uploads\/Melodi-Dental-Foto-6.jpeg\" data-elementor-open-lightbox=\"yes\" data-elementor-lightbox-slideshow=\"12f7c0d\" data-elementor-lightbox-title=\"Ni\u015fanta\u015f\u0131n\u0131n en iyi klini\u011fi\" data-e-action-hash=\"#elementor-action%3Aaction%3Dlightbox%26settings%3DeyJpZCI6MTkzMCwidXJsIjoiaHR0cHM6XC9cL3d3dy5tZWxvZGlkZW50YWwuY29tXC93cC1jb250ZW50XC91cGxvYWRzXC9NZWxvZGktRGVudGFsLUZvdG8tNi5qcGVnIiwic2xpZGVzaG93IjoiMTJmN2MwZCJ9\">\n\t\t\t\t\t<div class=\"e-gallery-image elementor-gallery-item__image\" data-thumbnail=\"https:\/\/www.melodidental.com\/wp-content\/uploads\/Melodi-Dental-Foto-6-665x494.jpeg\" data-width=\"665\" data-height=\"494\" aria-label=\"\" role=\"img\" ><\/div>\n\t\t\t\t\t\t\t\t\t\t\t<div class=\"elementor-gallery-item__overlay\"><\/div>\n\t\t\t\t\t\t\t\t\t\t\t\t\t\t<\/a>\n\t\t\t\t\t\t\t<a class=\"e-gallery-item elementor-gallery-item elementor-animated-content\" href=\"https:\/\/www.melodidental.com\/wp-content\/uploads\/Melodi-Dental-Foto-5.jpg\" data-elementor-open-lightbox=\"yes\" data-elementor-lightbox-slideshow=\"12f7c0d\" data-elementor-lightbox-title=\"Melodi Dental Foto (5)\" data-e-action-hash=\"#elementor-action%3Aaction%3Dlightbox%26settings%3DeyJpZCI6MTkyOCwidXJsIjoiaHR0cHM6XC9cL3d3dy5tZWxvZGlkZW50YWwuY29tXC93cC1jb250ZW50XC91cGxvYWRzXC9NZWxvZGktRGVudGFsLUZvdG8tNS5qcGciLCJzbGlkZXNob3ciOiIxMmY3YzBkIn0%3D\">\n\t\t\t\t\t<div class=\"e-gallery-image elementor-gallery-item__image\" data-thumbnail=\"https:\/\/www.melodidental.com\/wp-content\/uploads\/Melodi-Dental-Foto-5-665x494.jpg\" data-width=\"665\" data-height=\"494\" aria-label=\"\" role=\"img\" ><\/div>\n\t\t\t\t\t\t\t\t\t\t\t<div class=\"elementor-gallery-item__overlay\"><\/div>\n\t\t\t\t\t\t\t\t\t\t\t\t\t\t<\/a>\n\t\t\t\t\t\t\t<a class=\"e-gallery-item elementor-gallery-item elementor-animated-content\" href=\"https:\/\/www.melodidental.com\/wp-content\/uploads\/Melodi-Dental-Foto-5.jpeg\" data-elementor-open-lightbox=\"yes\" data-elementor-lightbox-slideshow=\"12f7c0d\" data-elementor-lightbox-title=\"Melodi Dental Foto (5)\" data-e-action-hash=\"#elementor-action%3Aaction%3Dlightbox%26settings%3DeyJpZCI6MTkyNiwidXJsIjoiaHR0cHM6XC9cL3d3dy5tZWxvZGlkZW50YWwuY29tXC93cC1jb250ZW50XC91cGxvYWRzXC9NZWxvZGktRGVudGFsLUZvdG8tNS5qcGVnIiwic2xpZGVzaG93IjoiMTJmN2MwZCJ9\">\n\t\t\t\t\t<div class=\"e-gallery-image elementor-gallery-item__image\" data-thumbnail=\"https:\/\/www.melodidental.com\/wp-content\/uploads\/Melodi-Dental-Foto-5-665x494.jpeg\" data-width=\"665\" data-height=\"494\" aria-label=\"\" role=\"img\" ><\/div>\n\t\t\t\t\t\t\t\t\t\t\t<div class=\"elementor-gallery-item__overlay\"><\/div>\n\t\t\t\t\t\t\t\t\t\t\t\t\t\t<\/a>\n\t\t\t\t\t\t\t<a class=\"e-gallery-item elementor-gallery-item elementor-animated-content\" href=\"https:\/\/www.melodidental.com\/wp-content\/uploads\/Melodi-Dental-Foto-4.jpg\" data-elementor-open-lightbox=\"yes\" data-elementor-lightbox-slideshow=\"12f7c0d\" data-elementor-lightbox-title=\"Melodi Dental Foto (4)\" data-e-action-hash=\"#elementor-action%3Aaction%3Dlightbox%26settings%3DeyJpZCI6MTkyNCwidXJsIjoiaHR0cHM6XC9cL3d3dy5tZWxvZGlkZW50YWwuY29tXC93cC1jb250ZW50XC91cGxvYWRzXC9NZWxvZGktRGVudGFsLUZvdG8tNC5qcGciLCJzbGlkZXNob3ciOiIxMmY3YzBkIn0%3D\">\n\t\t\t\t\t<div class=\"e-gallery-image elementor-gallery-item__image\" data-thumbnail=\"https:\/\/www.melodidental.com\/wp-content\/uploads\/Melodi-Dental-Foto-4-665x494.jpg\" data-width=\"665\" data-height=\"494\" aria-label=\"\" role=\"img\" ><\/div>\n\t\t\t\t\t\t\t\t\t\t\t<div class=\"elementor-gallery-item__overlay\"><\/div>\n\t\t\t\t\t\t\t\t\t\t\t\t\t\t<\/a>\n\t\t\t\t\t<\/div>\n\t\t\t\t\t<\/div>\n\t\t\t\t<\/div>\n\t\t\t\t\t<\/div>\n\t\t<\/div>\n\t\t\t\t\t<\/div>\n\t\t<\/section>\n\t\t\t\t<\/div>\n\t\t","protected":false},"excerpt":{"rendered":"","protected":false},"author":1,"featured_media":0,"parent":0,"menu_order":15,"comment_status":"closed","ping_status":"closed","template":"","meta":{"footnotes":""},"class_list":["post-1735","page","type-page","status-publish","hentry"],"_links":{"self":[{"href":"https:\/\/www.melodidental.com\/en\/wp-json\/wp\/v2\/pages\/1735","targetHints":{"allow":["GET"]}}],"collection":[{"href":"https:\/\/www.melodidental.com\/en\/wp-json\/wp\/v2\/pages"}],"about":[{"href":"https:\/\/www.melodidental.com\/en\/wp-json\/wp\/v2\/types\/page"}],"author":[{"embeddable":true,"href":"https:\/\/www.melodidental.com\/en\/wp-json\/wp\/v2\/users\/1"}],"replies":[{"embeddable":true,"href":"https:\/\/www.melodidental.com\/en\/wp-json\/wp\/v2\/comments?post=1735"}],"version-history":[{"count":0,"href":"https:\/\/www.melodidental.com\/en\/wp-json\/wp\/v2\/pages\/1735\/revisions"}],"wp:attachment":[{"href":"https:\/\/www.melodidental.com\/en\/wp-json\/wp\/v2\/media?parent=1735"}],"curies":[{"name":"wp","href":"https:\/\/api.w.org\/{rel}","templated":true}]}}