{"id":2757,"date":"2023-05-19T17:06:24","date_gmt":"2023-05-19T14:06:24","guid":{"rendered":"https:\/\/www.melodidental.com\/banka-hesaplarimiz\/"},"modified":"2023-05-19T17:14:58","modified_gmt":"2023-05-19T14:14:58","slug":"our-bank-accounts","status":"publish","type":"page","link":"https:\/\/www.melodidental.com\/en\/our-bank-accounts\/","title":{"rendered":"Our Bank Accounts"},"content":{"rendered":"\t\t<div data-elementor-type=\"wp-page\" data-elementor-id=\"2757\" class=\"elementor elementor-2757 elementor-2737\" data-elementor-post-type=\"page\">\n\t\t\t\t\t\t<section class=\"elementor-section elementor-top-section elementor-element elementor-element-cef9436 elementor-section-boxed elementor-section-height-default elementor-section-height-default\" data-id=\"cef9436\" data-element_type=\"section\">\n\t\t\t\t\t\t<div class=\"elementor-container elementor-column-gap-default\">\n\t\t\t\t\t<div class=\"elementor-column elementor-col-100 elementor-top-column elementor-element elementor-element-0a88a7e\" data-id=\"0a88a7e\" data-element_type=\"column\">\n\t\t\t<div class=\"elementor-widget-wrap elementor-element-populated\">\n\t\t\t\t\t\t<div class=\"elementor-element elementor-element-23ff241 elementor-widget elementor-widget-heading\" data-id=\"23ff241\" data-element_type=\"widget\" data-widget_type=\"heading.default\">\n\t\t\t\t<div class=\"elementor-widget-container\">\n\t\t\t\t\t<h3 class=\"elementor-heading-title elementor-size-default\">Our Bank Accounts<\/h3>\t\t\t\t<\/div>\n\t\t\t\t<\/div>\n\t\t\t\t\t<\/div>\n\t\t<\/div>\n\t\t\t\t\t<\/div>\n\t\t<\/section>\n\t\t\t\t<section class=\"elementor-section elementor-top-section elementor-element elementor-element-1cc3cdb elementor-section-boxed elementor-section-height-default elementor-section-height-default\" data-id=\"1cc3cdb\" data-element_type=\"section\">\n\t\t\t\t\t\t<div class=\"elementor-container elementor-column-gap-default\">\n\t\t\t\t\t<div class=\"elementor-column elementor-col-33 elementor-top-column elementor-element elementor-element-23aaaeb\" data-id=\"23aaaeb\" data-element_type=\"column\">\n\t\t\t<div class=\"elementor-widget-wrap elementor-element-populated\">\n\t\t\t\t\t\t<div class=\"elementor-element elementor-element-7e1d82a elementor-widget elementor-widget-text-editor\" data-id=\"7e1d82a\" data-element_type=\"widget\" data-widget_type=\"text-editor.default\">\n\t\t\t\t<div class=\"elementor-widget-container\">\n\t\t\t\t\t\t\t\t\t<p><strong>Company name:<\/strong>\u00a0SERPO MODERN \u0130N\u015eAAT SA\u011eLIK H\u0130ZMETLER\u0130 TARIM VE HAYVANCILIK SANAY\u0130 T\u0130CARET L\u0130M\u0130TED \u015e\u0130RKET\u0130<br \/><strong>BANK:<\/strong> \u015eEKERBANK<br \/><strong>BRANCH:<\/strong> \u00dcSK\u00dcDAR \u015eUBES\u0130 <br \/><strong>USD ACCOUNT<br \/>IBAN:<\/strong> TR920005901240130124017390<\/p>\t\t\t\t\t\t\t\t<\/div>\n\t\t\t\t<\/div>\n\t\t\t\t\t<\/div>\n\t\t<\/div>\n\t\t\t\t<div class=\"elementor-column elementor-col-33 elementor-top-column elementor-element elementor-element-dee69c5\" data-id=\"dee69c5\" data-element_type=\"column\">\n\t\t\t<div class=\"elementor-widget-wrap elementor-element-populated\">\n\t\t\t\t\t\t<div class=\"elementor-element elementor-element-b732d5a elementor-widget elementor-widget-text-editor\" data-id=\"b732d5a\" data-element_type=\"widget\" data-widget_type=\"text-editor.default\">\n\t\t\t\t<div class=\"elementor-widget-container\">\n\t\t\t\t\t\t\t\t\t<p><strong>Company name:<\/strong> SERPO MODERN \u0130N\u015eAAT SA\u011eLIK H\u0130ZMETLER\u0130 TARIM VE HAYVANCILIK SANAY\u0130 T\u0130CARET L\u0130M\u0130TED \u015e\u0130RKET\u0130<br \/><strong>BANK:<\/strong> \u015eEKERBANK<br \/><strong>BRANCH:<\/strong> \u00dcSK\u00dcDAR \u015eUBES\u0130 <br \/><strong>EURO ACCOUNT<br \/><\/strong><strong>IBAN:<\/strong> TR650005901240130124017391<\/p>\t\t\t\t\t\t\t\t<\/div>\n\t\t\t\t<\/div>\n\t\t\t\t\t<\/div>\n\t\t<\/div>\n\t\t\t\t<div class=\"elementor-column elementor-col-33 elementor-top-column elementor-element elementor-element-61d0080\" data-id=\"61d0080\" data-element_type=\"column\">\n\t\t\t<div class=\"elementor-widget-wrap elementor-element-populated\">\n\t\t\t\t\t\t<div class=\"elementor-element elementor-element-da40b7c elementor-widget elementor-widget-text-editor\" data-id=\"da40b7c\" data-element_type=\"widget\" data-widget_type=\"text-editor.default\">\n\t\t\t\t<div class=\"elementor-widget-container\">\n\t\t\t\t\t\t\t\t\t<p><strong>Company name:<\/strong> SERPO MODERN \u0130N\u015eAAT SA\u011eLIK H\u0130ZMETLER\u0130 TARIM VE HAYVANCILIK SANAY\u0130 T\u0130CARET L\u0130M\u0130TED \u015e\u0130RKET\u0130<br \/><strong>BANK:<\/strong> \u015eEKERBANK<br \/><strong>BRANCH:<\/strong> \u00dcSK\u00dcDAR \u015eUBES\u0130 <br \/><strong>TL ACCOUNT<\/strong><br \/><strong>IBAN:<\/strong> TR600005901240130124016123<\/p>\t\t\t\t\t\t\t\t<\/div>\n\t\t\t\t<\/div>\n\t\t\t\t\t<\/div>\n\t\t<\/div>\n\t\t\t\t\t<\/div>\n\t\t<\/section>\n\t\t\t\t<\/div>\n\t\t","protected":false},"excerpt":{"rendered":"<p>Our Bank Accounts Company name:\u00a0SERPO MODERN \u0130N\u015eAAT SA\u011eLIK H\u0130ZMETLER\u0130 TARIM VE HAYVANCILIK SANAY\u0130 T\u0130CARET L\u0130M\u0130TED \u015e\u0130RKET\u0130BANK: \u015eEKERBANKBRANCH: \u00dcSK\u00dcDAR \u015eUBES\u0130 USD ACCOUNTIBAN: TR920005901240130124017390 Company name: SERPO MODERN \u0130N\u015eAAT SA\u011eLIK H\u0130ZMETLER\u0130 TARIM VE HAYVANCILIK SANAY\u0130 T\u0130CARET L\u0130M\u0130TED \u015e\u0130RKET\u0130BANK: \u015eEKERBANKBRANCH: \u00dcSK\u00dcDAR \u015eUBES\u0130 EURO ACCOUNTIBAN: TR650005901240130124017391 Company name: SERPO MODERN \u0130N\u015eAAT SA\u011eLIK H\u0130ZMETLER\u0130 TARIM VE HAYVANCILIK SANAY\u0130 T\u0130CARET L\u0130M\u0130TED&#8230;<\/p>\n","protected":false},"author":1,"featured_media":0,"parent":0,"menu_order":4,"comment_status":"closed","ping_status":"closed","template":"","meta":{"footnotes":""},"class_list":["post-2757","page","type-page","status-publish","hentry"],"_links":{"self":[{"href":"https:\/\/www.melodidental.com\/en\/wp-json\/wp\/v2\/pages\/2757","targetHints":{"allow":["GET"]}}],"collection":[{"href":"https:\/\/www.melodidental.com\/en\/wp-json\/wp\/v2\/pages"}],"about":[{"href":"https:\/\/www.melodidental.com\/en\/wp-json\/wp\/v2\/types\/page"}],"author":[{"embeddable":true,"href":"https:\/\/www.melodidental.com\/en\/wp-json\/wp\/v2\/users\/1"}],"replies":[{"embeddable":true,"href":"https:\/\/www.melodidental.com\/en\/wp-json\/wp\/v2\/comments?post=2757"}],"version-history":[{"count":4,"href":"https:\/\/www.melodidental.com\/en\/wp-json\/wp\/v2\/pages\/2757\/revisions"}],"predecessor-version":[{"id":2762,"href":"https:\/\/www.melodidental.com\/en\/wp-json\/wp\/v2\/pages\/2757\/revisions\/2762"}],"wp:attachment":[{"href":"https:\/\/www.melodidental.com\/en\/wp-json\/wp\/v2\/media?parent=2757"}],"curies":[{"name":"wp","href":"https:\/\/api.w.org\/{rel}","templated":true}]}}